{"id":1173,"date":"2022-08-26T13:54:52","date_gmt":"2022-08-26T13:54:52","guid":{"rendered":"https:\/\/bonpetboats.eu\/?post_type=product&#038;p=1173"},"modified":"2022-08-26T13:54:52","modified_gmt":"2022-08-26T13:54:52","slug":"standard-tank","status":"publish","type":"product","link":"https:\/\/bonpetboats.eu\/de\/product\/standard-tank\/","title":{"rendered":"STANDARD TANK"},"content":{"rendered":"<p>Eltex-Kraftstofftanks mit Inspektions\u00f6ffnung, 17-19-mm-Entl\u00fcftung mit Widerhaken, 12-mm-Tankschlauch und Gewindedeckel. Zu vervollst\u00e4ndigen mit 38\/50\/60 mm Einlass. CE-ISO 21487 zertifiziert, H\u00f6he der Bullaugenbeschl\u00e4ge 85 mm.<\/p>","protected":false},"excerpt":{"rendered":"<p>Eltex-Kraftstofftanks mit Inspektions\u00f6ffnung, 17-19-mm-Entl\u00fcftung mit Widerhaken, 12-mm-Tankschlauch und Gewindedeckel. Zu vervollst\u00e4ndigen mit 38\/50\/60 mm Einlass. CE-ISO 21487 zertifiziert, H\u00f6he der Bullaugenbeschl\u00e4ge 85 mm.<\/p>","protected":false},"featured_media":1078,"comment_status":"open","ping_status":"closed","template":"","meta":[],"product_cat":[119],"product_tag":[],"yoast_head":"<!-- This site is optimized with the Yoast SEO plugin v19.5.1 - https:\/\/yoast.com\/wordpress\/plugins\/seo\/ -->\n<title>STANDARD TANK - www.bonpetboats.eu<\/title>\n<meta name=\"robots\" content=\"index, follow, max-snippet:-1, max-image-preview:large, max-video-preview:-1\" \/>\n<link rel=\"canonical\" href=\"https:\/\/bonpetboats.eu\/de\/product\/standard-tank\/\" \/>\n<meta property=\"og:locale\" content=\"de_DE\" \/>\n<meta property=\"og:type\" content=\"article\" \/>\n<meta property=\"og:title\" content=\"STANDARD TANK - www.bonpetboats.eu\" \/>\n<meta property=\"og:description\" content=\"Eltex fuel tanks with inspection porthole, 17-19 mm barbed vent, 12 mm fuel dip tube and threaded cap. To be completed with 38\/50\/60 mm inlet. CE-ISO 21487 certified. Porthole fittings height 85 mm.\" \/>\n<meta property=\"og:url\" content=\"https:\/\/bonpetboats.eu\/de\/product\/standard-tank\/\" \/>\n<meta property=\"og:site_name\" content=\"www.bonpetboats.eu\" \/>\n<meta name=\"twitter:card\" content=\"summary_large_image\" \/>\n<script type=\"application\/ld+json\" class=\"yoast-schema-graph\">{\"@context\":\"https:\/\/schema.org\",\"@graph\":[{\"@type\":\"WebPage\",\"@id\":\"https:\/\/bonpetboats.eu\/product\/standard-tank\/\",\"url\":\"https:\/\/bonpetboats.eu\/product\/standard-tank\/\",\"name\":\"STANDARD TANK - www.bonpetboats.eu\",\"isPartOf\":{\"@id\":\"https:\/\/bonpetboats.eu\/#website\"},\"datePublished\":\"2022-08-26T13:54:52+00:00\",\"dateModified\":\"2022-08-26T13:54:52+00:00\",\"breadcrumb\":{\"@id\":\"https:\/\/bonpetboats.eu\/product\/standard-tank\/#breadcrumb\"},\"inLanguage\":\"de-DE\",\"potentialAction\":[{\"@type\":\"ReadAction\",\"target\":[\"https:\/\/bonpetboats.eu\/product\/standard-tank\/\"]}]},{\"@type\":\"BreadcrumbList\",\"@id\":\"https:\/\/bonpetboats.eu\/product\/standard-tank\/#breadcrumb\",\"itemListElement\":[{\"@type\":\"ListItem\",\"position\":1,\"name\":\"Home\",\"item\":\"https:\/\/bonpetboats.eu\/\"},{\"@type\":\"ListItem\",\"position\":2,\"name\":\"Trgovina\",\"item\":\"https:\/\/bonpetboats.eu\/trgovina\/\"},{\"@type\":\"ListItem\",\"position\":3,\"name\":\"STANDARD TANK\"}]},{\"@type\":\"WebSite\",\"@id\":\"https:\/\/bonpetboats.eu\/#website\",\"url\":\"https:\/\/bonpetboats.eu\/\",\"name\":\"www.bonpetboats.eu\",\"description\":\"Bonpetboats\",\"potentialAction\":[{\"@type\":\"SearchAction\",\"target\":{\"@type\":\"EntryPoint\",\"urlTemplate\":\"https:\/\/bonpetboats.eu\/?s={search_term_string}\"},\"query-input\":\"required name=search_term_string\"}],\"inLanguage\":\"de-DE\"}]}<\/script>\n<!-- \/ Yoast SEO plugin. -->","yoast_head_json":{"title":"STANDARD TANK - www.bonpetboats.eu","robots":{"index":"index","follow":"follow","max-snippet":"max-snippet:-1","max-image-preview":"max-image-preview:large","max-video-preview":"max-video-preview:-1"},"canonical":"https:\/\/bonpetboats.eu\/de\/product\/standard-tank\/","og_locale":"de_DE","og_type":"article","og_title":"STANDARD TANK - www.bonpetboats.eu","og_description":"Eltex fuel tanks with inspection porthole, 17-19 mm barbed vent, 12 mm fuel dip tube and threaded cap. To be completed with 38\/50\/60 mm inlet. CE-ISO 21487 certified. Porthole fittings height 85 mm.","og_url":"https:\/\/bonpetboats.eu\/de\/product\/standard-tank\/","og_site_name":"www.bonpetboats.eu","twitter_card":"summary_large_image","schema":{"@context":"https:\/\/schema.org","@graph":[{"@type":"WebPage","@id":"https:\/\/bonpetboats.eu\/product\/standard-tank\/","url":"https:\/\/bonpetboats.eu\/product\/standard-tank\/","name":"STANDARD TANK - www.bonpetboats.eu","isPartOf":{"@id":"https:\/\/bonpetboats.eu\/#website"},"datePublished":"2022-08-26T13:54:52+00:00","dateModified":"2022-08-26T13:54:52+00:00","breadcrumb":{"@id":"https:\/\/bonpetboats.eu\/product\/standard-tank\/#breadcrumb"},"inLanguage":"de-DE","potentialAction":[{"@type":"ReadAction","target":["https:\/\/bonpetboats.eu\/product\/standard-tank\/"]}]},{"@type":"BreadcrumbList","@id":"https:\/\/bonpetboats.eu\/product\/standard-tank\/#breadcrumb","itemListElement":[{"@type":"ListItem","position":1,"name":"Home","item":"https:\/\/bonpetboats.eu\/"},{"@type":"ListItem","position":2,"name":"Trgovina","item":"https:\/\/bonpetboats.eu\/trgovina\/"},{"@type":"ListItem","position":3,"name":"STANDARD TANK"}]},{"@type":"WebSite","@id":"https:\/\/bonpetboats.eu\/#website","url":"https:\/\/bonpetboats.eu\/","name":"www.bonpetboats.eu","description":"Bonpetboats","potentialAction":[{"@type":"SearchAction","target":{"@type":"EntryPoint","urlTemplate":"https:\/\/bonpetboats.eu\/?s={search_term_string}"},"query-input":"required name=search_term_string"}],"inLanguage":"de-DE"}]}},"_links":{"self":[{"href":"https:\/\/bonpetboats.eu\/de\/wp-json\/wp\/v2\/product\/1173"}],"collection":[{"href":"https:\/\/bonpetboats.eu\/de\/wp-json\/wp\/v2\/product"}],"about":[{"href":"https:\/\/bonpetboats.eu\/de\/wp-json\/wp\/v2\/types\/product"}],"replies":[{"embeddable":true,"href":"https:\/\/bonpetboats.eu\/de\/wp-json\/wp\/v2\/comments?post=1173"}],"wp:featuredmedia":[{"embeddable":true,"href":"https:\/\/bonpetboats.eu\/de\/wp-json\/wp\/v2\/media\/1078"}],"wp:attachment":[{"href":"https:\/\/bonpetboats.eu\/de\/wp-json\/wp\/v2\/media?parent=1173"}],"wp:term":[{"taxonomy":"product_cat","embeddable":true,"href":"https:\/\/bonpetboats.eu\/de\/wp-json\/wp\/v2\/product_cat?post=1173"},{"taxonomy":"product_tag","embeddable":true,"href":"https:\/\/bonpetboats.eu\/de\/wp-json\/wp\/v2\/product_tag?post=1173"}],"curies":[{"name":"wp","href":"https:\/\/api.w.org\/{rel}","templated":true}]}}