{"id":100,"date":"2013-08-11T19:06:15","date_gmt":"2013-08-11T19:06:15","guid":{"rendered":"http:\/\/localhost:8888\/test\/?page_id=520"},"modified":"2022-09-08T13:33:33","modified_gmt":"2022-09-08T13:33:33","slug":"o-nas","status":"publish","type":"page","link":"https:\/\/bonpetboats.eu\/de\/o-nas\/","title":{"rendered":"\u00dcBER UNS"},"content":{"rendered":"<div class=\"banner has-hover has-parallax\" id=\"banner-705031622\">\n          <div class=\"banner-inner fill\">\n        <div class=\"banner-bg fill\" data-parallax=\"-3\" data-parallax-container=\".banner\" data-parallax-background>\n            <div class=\"bg fill bg-fill\"><\/div>\n                        <div class=\"overlay\"><\/div>            \n                    <\/div>\n\t\t\n        <div class=\"banner-layers container\">\n            <div class=\"fill banner-link\"><\/div>            \n\n   <div id=\"text-box-226529907\" class=\"text-box banner-layer x50 md-x50 lg-x50 y80 md-y80 lg-y80 res-text\">\n                                <div class=\"text-box-content text dark\">\n              \n              <div class=\"text-inner text-center\">\n                  \n\n<h1 class=\"lead\">\u00dcBER UNS<\/h1>\n<p style=\"font-weight: 400;\">Wir sind ein junges Unternehmen, das 1999 die Technologie f\u00fcr die Produktion kaufte und 2001 mit der eigenen Produktion von automatischen Bonpet Feuerl\u00f6schampullen begann. Mit dem Kauf der Technologie haben wir das Recht erworben, die Marke Bonpet auf dem gesamten europ\u00e4ischen Markt, in den Vereinigten Staaten und in S\u00fcdamerika zu vermarkten.<\/p>\n<p style=\"font-weight: 400;\">Mit Zertifikaten und Referenzen belegen wir unsere Qualit\u00e4t und unsere F\u00e4higkeit, kompetente Hilfe zu leisten. Mit Entschlossenheit und Beharrlichkeit expandieren wir \u00fcber unsere Heimatgrenzen hinaus und etablieren uns auf neuen M\u00e4rkten. Jeder Einzelne, jedes Unternehmen, jeder Partner ist ein wichtiges Glied in der Kette, denn jeder von Ihnen tr\u00e4gt einen Teil zum Mosaik des Erfolgs bei. Alle unsere Mitarbeiter sind bestrebt, die Kundenzufriedenheit zu maximieren, damit wir Ihre Erwartungen mit den besten Produkten und modernster Technologie erf\u00fcllen und uns erfolgreich an Ihre Bed\u00fcrfnisse, W\u00fcnsche und Ihren sicheren Lebensstil anpassen k\u00f6nnen.<\/p>\n<p style=\"font-weight: 400;\">Die Pers\u00f6nlichkeit und der Ruf unserer Marke sind durch eine strategische Entwicklungsorientierung, Sicherheit und optimale Produktqualit\u00e4t gekennzeichnet. Wir sind also ein Unternehmen, das sich durch Exzellenz auszeichnet, denn wir sind f\u00fchrend auf dem Gebiet der automatischen Feuerl\u00f6scher.<\/p>\n\n              <\/div>\n           <\/div>\n                            \n<style>\n#text-box-226529907 {\n  width: 60%;\n}\n#text-box-226529907 .text-box-content {\n  font-size: 100%;\n}\n<\/style>\n    <\/div>\n \n\n        <\/div>\n      <\/div>\n\n            \n<style>\n#banner-705031622 {\n  padding-top: 900px;\n}\n#banner-705031622 .bg.bg-loaded {\n  background-image: url(https:\/\/bonpetboats.eu\/wp-content\/uploads\/2016\/08\/dummy-2.jpg);\n}\n#banner-705031622 .overlay {\n  background-color: rgba(0, 0, 0, 0.49);\n}\n#banner-705031622 .ux-shape-divider--top svg {\n  height: 150px;\n  --divider-top-width: 100%;\n}\n#banner-705031622 .ux-shape-divider--bottom svg {\n  height: 150px;\n  --divider-width: 100%;\n}\n<\/style>\n  <\/div>\n\n\n<div class=\"row\"  id=\"row-725744718\">\n\n\n\t<div id=\"col-360339597\" class=\"col small-12 large-12\"  >\n\t\t\t\t<div class=\"col-inner\"  >\n\t\t\t\n\t\t\t\n\n<ul style=\"font-weight: 400;\">\n<li>Unsere Aufgabe ist es, die Sicherheit vor Br\u00e4nden zu gew\u00e4hrleisten.<\/li>\n<li>Im Einklang mit ihrem Auftrag umfasst die Qualit\u00e4tspolitik Folgendes:<\/li>\n<li>wir sind kundenorientiert<\/li>\n<li>wir verbessern uns st\u00e4ndig<\/li>\n<li>wir bem\u00fchen uns, Prozesse mit einer Null-Fehler-Strategie umzusetzen<\/li>\n<li>wir beziehen unsere Lieferanten als Partner ein<\/li>\n<li>Schutz der Menschen und der Umwelt<\/li>\n<\/ul>\n\n\t\t<\/div>\n\t\t\t\t\t<\/div>\n\n\t\n\n\t<div id=\"col-1504813738\" class=\"col medium-3 small-12 large-3\"  >\n\t\t\t\t<div class=\"col-inner\"  >\n\t\t\t\n\t\t\t\n\n    <div class=\"box has-hover has-hover box-text-bottom\" >\n\n                  <div class=\"box-image\" style=\"width:80%;\">\n           <div class=\"box-image-inner image-cover\" style=\"border-radius:100%;padding-top:100%;\">\n              <img width=\"200\" height=\"200\" src=\"https:\/\/bonpetboats.eu\/wp-content\/uploads\/2022\/09\/Solid_white.png\" class=\"attachment- size-\" alt=\"\" decoding=\"async\" loading=\"lazy\" srcset=\"https:\/\/bonpetboats.eu\/wp-content\/uploads\/2022\/09\/Solid_white.png 200w, https:\/\/bonpetboats.eu\/wp-content\/uploads\/2022\/09\/Solid_white-12x12.png 12w, https:\/\/bonpetboats.eu\/wp-content\/uploads\/2022\/09\/Solid_white-100x100.png 100w\" sizes=\"(max-width: 200px) 100vw, 200px\" \/>                         <\/div>\n          <\/div>\n         \n          <div class=\"box-text text-center\" >\n                <div class=\"box-text-inner\">\n                  <h4 class=\"uppercase\">\n                    <span class=\"person-name\">Matej \u0160kerbi\u010d<\/span><br\/>\n                    <span class=\"person-title is-small thin-font op-7\">\n                      Direktor                    <\/span>\n                  <\/h4>\n                 <div class=\"social-icons follow-icons\" ><a href=\"mailto:info@bonpet.si\" data-label=\"E-mail\" rel=\"nofollow\" class=\"icon button circle is-outline  email tooltip\" title=\"Senden Sie uns eine E-Mail\" aria-label=\"Senden Sie uns eine E-Mail\"><i class=\"icon-envelop\" ><\/i><\/a><\/div>                 \n\n<p>\u00a0<\/p>\n\n                <\/div>\n          <\/div>\n    <\/div>\n\n    \n    \n\n\t\t<\/div>\n\t\t\t\t\t<\/div>\n\n\t\n\n\t<div id=\"col-972217729\" class=\"col medium-3 small-12 large-3\"  >\n\t\t\t\t<div class=\"col-inner\"  >\n\t\t\t\n\t\t\t\n\n    <div class=\"box has-hover hidden has-hover box-text-bottom\" >\n\n                  <div class=\"box-image\" style=\"width:80%;\">\n           <div class=\"box-image-inner image-cover\" style=\"border-radius:100%;padding-top:100%;\">\n              <img width=\"400\" height=\"260\" src=\"https:\/\/bonpetboats.eu\/wp-content\/uploads\/2016\/08\/dummy-1.jpg\" class=\"attachment- size-\" alt=\"\" decoding=\"async\" loading=\"lazy\" srcset=\"https:\/\/bonpetboats.eu\/wp-content\/uploads\/2016\/08\/dummy-1.jpg 400w, https:\/\/bonpetboats.eu\/wp-content\/uploads\/2016\/08\/dummy-1-300x195.jpg 300w\" sizes=\"(max-width: 400px) 100vw, 400px\" \/>                         <\/div>\n          <\/div>\n         \n          <div class=\"box-text text-center\" >\n                <div class=\"box-text-inner\">\n                  <h4 class=\"uppercase\">\n                    <span class=\"person-name\">Reichhaltige Spitze<\/span><br\/>\n                    <span class=\"person-title is-small thin-font op-7\">\n                      Direktorin f\u00fcr Marketing                    <\/span>\n                  <\/h4>\n                 <div class=\"social-icons follow-icons\" ><a href=\"#\" target=\"_blank\" data-label=\"Facebook\" rel=\"noopener noreferrer nofollow\" class=\"icon button circle is-outline facebook tooltip\" title=\"Folgen Sie uns auf Facebook\" aria-label=\"Folgen Sie uns auf Facebook\"><i class=\"icon-facebook\" ><\/i><\/a><a href=\"#\" target=\"_blank\" data-label=\"Twitter\" rel=\"noopener noreferrer nofollow\" class=\"icon button circle is-outline  twitter tooltip\" title=\"Folgen Sie uns auf Twitter\" aria-label=\"Folgen Sie uns auf Twitter\"><i class=\"icon-twitter\" ><\/i><\/a><a href=\"mailto:#\" data-label=\"E-mail\" rel=\"nofollow\" class=\"icon button circle is-outline  email tooltip\" title=\"Senden Sie uns eine E-Mail\" aria-label=\"Senden Sie uns eine E-Mail\"><i class=\"icon-envelop\" ><\/i><\/a><a href=\"#\" target=\"_blank\" rel=\"noopener noreferrer nofollow\"  data-label=\"Pinterest\"  class=\"icon button circle is-outline  pinterest tooltip\" title=\"Folge uns auf Pinterest\" aria-label=\"Folge uns auf Pinterest\"><i class=\"icon-pinterest\" ><\/i><\/a><a href=\"#\" target=\"_blank\" rel=\"noopener noreferrer nofollow\" data-label=\"LinkedIn\" class=\"icon button circle is-outline  linkedin tooltip\" title=\"Follow on LinkedIn\" aria-label=\"Follow on LinkedIn\"><i class=\"icon-linkedin\" ><\/i><\/a><\/div>                 \n\n<p>Lorem ipsum dolor sit amet, consectetuer adipiscing elit, sed diam nonummy.<\/p>\n\n                <\/div>\n          <\/div>\n    <\/div>\n\n    \n    \n\n\t\t<\/div>\n\t\t\t\t\t<\/div>\n\n\t\n\n\t<div id=\"col-863899063\" class=\"col medium-3 small-12 large-3\"  >\n\t\t\t\t<div class=\"col-inner\"  >\n\t\t\t\n\t\t\t\n\n    <div class=\"box has-hover hidden has-hover box-text-bottom\" >\n\n                  <div class=\"box-image\" style=\"width:80%;\">\n           <div class=\"box-image-inner image-cover\" style=\"border-radius:100%;padding-top:100%;\">\n              <img width=\"400\" height=\"260\" src=\"https:\/\/bonpetboats.eu\/wp-content\/uploads\/2016\/08\/dummy-1.jpg\" class=\"attachment- size-\" alt=\"\" decoding=\"async\" loading=\"lazy\" srcset=\"https:\/\/bonpetboats.eu\/wp-content\/uploads\/2016\/08\/dummy-1.jpg 400w, https:\/\/bonpetboats.eu\/wp-content\/uploads\/2016\/08\/dummy-1-300x195.jpg 300w\" sizes=\"(max-width: 400px) 100vw, 400px\" \/>                         <\/div>\n          <\/div>\n         \n          <div class=\"box-text text-center\" >\n                <div class=\"box-text-inner\">\n                  <h4 class=\"uppercase\">\n                    <span class=\"person-name\">Jane Gray<\/span><br\/>\n                    <span class=\"person-title is-small thin-font op-7\">\n                      \u00d6ffentlichkeitsarbeit                    <\/span>\n                  <\/h4>\n                 <div class=\"social-icons follow-icons\" ><a href=\"#\" target=\"_blank\" data-label=\"Facebook\" rel=\"noopener noreferrer nofollow\" class=\"icon button circle is-outline facebook tooltip\" title=\"Folgen Sie uns auf Facebook\" aria-label=\"Folgen Sie uns auf Facebook\"><i class=\"icon-facebook\" ><\/i><\/a><a href=\"#\" target=\"_blank\" data-label=\"Twitter\" rel=\"noopener noreferrer nofollow\" class=\"icon button circle is-outline  twitter tooltip\" title=\"Folgen Sie uns auf Twitter\" aria-label=\"Folgen Sie uns auf Twitter\"><i class=\"icon-twitter\" ><\/i><\/a><a href=\"mailto:#\" data-label=\"E-mail\" rel=\"nofollow\" class=\"icon button circle is-outline  email tooltip\" title=\"Senden Sie uns eine E-Mail\" aria-label=\"Senden Sie uns eine E-Mail\"><i class=\"icon-envelop\" ><\/i><\/a><a href=\"#\" target=\"_blank\" rel=\"noopener noreferrer nofollow\"  data-label=\"Pinterest\"  class=\"icon button circle is-outline  pinterest tooltip\" title=\"Folge uns auf Pinterest\" aria-label=\"Folge uns auf Pinterest\"><i class=\"icon-pinterest\" ><\/i><\/a><a href=\"#\" target=\"_blank\" rel=\"noopener noreferrer nofollow\" data-label=\"LinkedIn\" class=\"icon button circle is-outline  linkedin tooltip\" title=\"Follow on LinkedIn\" aria-label=\"Follow on LinkedIn\"><i class=\"icon-linkedin\" ><\/i><\/a><\/div>                 \n\n<p>Lorem ipsum dolor sit amet, consectetuer adipiscing elit, sed diam nonummy.<\/p>\n\n                <\/div>\n          <\/div>\n    <\/div>\n\n    \n    \n\n\t\t<\/div>\n\t\t\t\t\t<\/div>\n\n\t\n\n\t<div id=\"col-784531843\" class=\"col medium-3 small-12 large-3\"  >\n\t\t\t\t<div class=\"col-inner\"  >\n\t\t\t\n\t\t\t\n\n    <div class=\"box has-hover hidden has-hover box-text-bottom\" >\n\n                  <div class=\"box-image\" style=\"width:80%;\">\n           <div class=\"box-image-inner image-cover\" style=\"border-radius:100%;padding-top:100%;\">\n              <img width=\"400\" height=\"260\" src=\"https:\/\/bonpetboats.eu\/wp-content\/uploads\/2016\/08\/dummy-1.jpg\" class=\"attachment- size-\" alt=\"\" decoding=\"async\" loading=\"lazy\" srcset=\"https:\/\/bonpetboats.eu\/wp-content\/uploads\/2016\/08\/dummy-1.jpg 400w, https:\/\/bonpetboats.eu\/wp-content\/uploads\/2016\/08\/dummy-1-300x195.jpg 300w\" sizes=\"(max-width: 400px) 100vw, 400px\" \/>                         <\/div>\n          <\/div>\n         \n          <div class=\"box-text text-center\" >\n                <div class=\"box-text-inner\">\n                  <h4 class=\"uppercase\">\n                    <span class=\"person-name\">Juli Holz<\/span><br\/>\n                    <span class=\"person-title is-small thin-font op-7\">\n                      Kundenbetreuung                    <\/span>\n                  <\/h4>\n                 <div class=\"social-icons follow-icons\" ><a href=\"#\" target=\"_blank\" data-label=\"Facebook\" rel=\"noopener noreferrer nofollow\" class=\"icon button circle is-outline facebook tooltip\" title=\"Folgen Sie uns auf Facebook\" aria-label=\"Folgen Sie uns auf Facebook\"><i class=\"icon-facebook\" ><\/i><\/a><a href=\"#\" target=\"_blank\" data-label=\"Twitter\" rel=\"noopener noreferrer nofollow\" class=\"icon button circle is-outline  twitter tooltip\" title=\"Folgen Sie uns auf Twitter\" aria-label=\"Folgen Sie uns auf Twitter\"><i class=\"icon-twitter\" ><\/i><\/a><a href=\"mailto:#\" data-label=\"E-mail\" rel=\"nofollow\" class=\"icon button circle is-outline  email tooltip\" title=\"Senden Sie uns eine E-Mail\" aria-label=\"Senden Sie uns eine E-Mail\"><i class=\"icon-envelop\" ><\/i><\/a><a href=\"#\" target=\"_blank\" rel=\"noopener noreferrer nofollow\"  data-label=\"Pinterest\"  class=\"icon button circle is-outline  pinterest tooltip\" title=\"Folge uns auf Pinterest\" aria-label=\"Folge uns auf Pinterest\"><i class=\"icon-pinterest\" ><\/i><\/a><a href=\"#\" target=\"_blank\" rel=\"noopener noreferrer nofollow\" data-label=\"LinkedIn\" class=\"icon button circle is-outline  linkedin tooltip\" title=\"Follow on LinkedIn\" aria-label=\"Follow on LinkedIn\"><i class=\"icon-linkedin\" ><\/i><\/a><\/div>                 \n\n<p>Lorem ipsum dolor sit amet, consectetuer adipiscing elit, sed diam nonummy.<\/p>\n\n                <\/div>\n          <\/div>\n    <\/div>\n\n    \n    \n\n\t\t<\/div>\n\t\t\t\t\t<\/div>\n\n\t\n\n<\/div>","protected":false},"excerpt":{"rendered":"","protected":false},"author":1,"featured_media":26,"parent":0,"menu_order":0,"comment_status":"closed","ping_status":"closed","template":"page-transparent-header-light.php","meta":{"footnotes":""},"yoast_head":"<!-- This site is optimized with the Yoast SEO plugin v19.5.1 - https:\/\/yoast.com\/wordpress\/plugins\/seo\/ -->\n<title>O NAS - www.bonpetboats.eu<\/title>\n<meta name=\"robots\" content=\"index, follow, max-snippet:-1, max-image-preview:large, max-video-preview:-1\" \/>\n<link rel=\"canonical\" href=\"https:\/\/bonpetboats.eu\/de\/o-nas\/\" \/>\n<meta property=\"og:locale\" content=\"de_DE\" \/>\n<meta property=\"og:type\" content=\"article\" \/>\n<meta property=\"og:title\" content=\"O NAS - www.bonpetboats.eu\" \/>\n<meta property=\"og:url\" content=\"https:\/\/bonpetboats.eu\/de\/o-nas\/\" \/>\n<meta property=\"og:site_name\" content=\"www.bonpetboats.eu\" \/>\n<meta property=\"article:modified_time\" content=\"2022-09-08T13:33:33+00:00\" \/>\n<meta property=\"og:image\" content=\"https:\/\/bonpetboats.eu\/wp-content\/uploads\/2016\/08\/dummy-1.jpg\" \/>\n\t<meta property=\"og:image:width\" content=\"400\" \/>\n\t<meta property=\"og:image:height\" content=\"260\" \/>\n\t<meta property=\"og:image:type\" content=\"image\/jpeg\" \/>\n<meta name=\"twitter:card\" content=\"summary_large_image\" \/>\n<meta name=\"twitter:label1\" content=\"Gesch\u00e4tzte Lesezeit\" \/>\n\t<meta name=\"twitter:data1\" content=\"2 Minuten\" \/>\n<script type=\"application\/ld+json\" class=\"yoast-schema-graph\">{\"@context\":\"https:\/\/schema.org\",\"@graph\":[{\"@type\":\"WebPage\",\"@id\":\"https:\/\/bonpetboats.eu\/o-nas\/\",\"url\":\"https:\/\/bonpetboats.eu\/o-nas\/\",\"name\":\"O NAS - www.bonpetboats.eu\",\"isPartOf\":{\"@id\":\"https:\/\/bonpetboats.eu\/#website\"},\"datePublished\":\"2013-08-11T19:06:15+00:00\",\"dateModified\":\"2022-09-08T13:33:33+00:00\",\"breadcrumb\":{\"@id\":\"https:\/\/bonpetboats.eu\/o-nas\/#breadcrumb\"},\"inLanguage\":\"de-DE\",\"potentialAction\":[{\"@type\":\"ReadAction\",\"target\":[\"https:\/\/bonpetboats.eu\/o-nas\/\"]}]},{\"@type\":\"BreadcrumbList\",\"@id\":\"https:\/\/bonpetboats.eu\/o-nas\/#breadcrumb\",\"itemListElement\":[{\"@type\":\"ListItem\",\"position\":1,\"name\":\"Home\",\"item\":\"https:\/\/bonpetboats.eu\/\"},{\"@type\":\"ListItem\",\"position\":2,\"name\":\"O NAS\"}]},{\"@type\":\"WebSite\",\"@id\":\"https:\/\/bonpetboats.eu\/#website\",\"url\":\"https:\/\/bonpetboats.eu\/\",\"name\":\"www.bonpetboats.eu\",\"description\":\"Bonpetboats\",\"potentialAction\":[{\"@type\":\"SearchAction\",\"target\":{\"@type\":\"EntryPoint\",\"urlTemplate\":\"https:\/\/bonpetboats.eu\/?s={search_term_string}\"},\"query-input\":\"required name=search_term_string\"}],\"inLanguage\":\"de-DE\"}]}<\/script>\n<!-- \/ Yoast SEO plugin. -->","yoast_head_json":{"title":"O NAS - www.bonpetboats.eu","robots":{"index":"index","follow":"follow","max-snippet":"max-snippet:-1","max-image-preview":"max-image-preview:large","max-video-preview":"max-video-preview:-1"},"canonical":"https:\/\/bonpetboats.eu\/de\/o-nas\/","og_locale":"de_DE","og_type":"article","og_title":"O NAS - www.bonpetboats.eu","og_url":"https:\/\/bonpetboats.eu\/de\/o-nas\/","og_site_name":"www.bonpetboats.eu","article_modified_time":"2022-09-08T13:33:33+00:00","og_image":[{"width":400,"height":260,"url":"https:\/\/bonpetboats.eu\/wp-content\/uploads\/2016\/08\/dummy-1.jpg","type":"image\/jpeg"}],"twitter_card":"summary_large_image","twitter_misc":{"Gesch\u00e4tzte Lesezeit":"2 Minuten"},"schema":{"@context":"https:\/\/schema.org","@graph":[{"@type":"WebPage","@id":"https:\/\/bonpetboats.eu\/o-nas\/","url":"https:\/\/bonpetboats.eu\/o-nas\/","name":"O NAS - www.bonpetboats.eu","isPartOf":{"@id":"https:\/\/bonpetboats.eu\/#website"},"datePublished":"2013-08-11T19:06:15+00:00","dateModified":"2022-09-08T13:33:33+00:00","breadcrumb":{"@id":"https:\/\/bonpetboats.eu\/o-nas\/#breadcrumb"},"inLanguage":"de-DE","potentialAction":[{"@type":"ReadAction","target":["https:\/\/bonpetboats.eu\/o-nas\/"]}]},{"@type":"BreadcrumbList","@id":"https:\/\/bonpetboats.eu\/o-nas\/#breadcrumb","itemListElement":[{"@type":"ListItem","position":1,"name":"Home","item":"https:\/\/bonpetboats.eu\/"},{"@type":"ListItem","position":2,"name":"O NAS"}]},{"@type":"WebSite","@id":"https:\/\/bonpetboats.eu\/#website","url":"https:\/\/bonpetboats.eu\/","name":"www.bonpetboats.eu","description":"Bonpetboats","potentialAction":[{"@type":"SearchAction","target":{"@type":"EntryPoint","urlTemplate":"https:\/\/bonpetboats.eu\/?s={search_term_string}"},"query-input":"required name=search_term_string"}],"inLanguage":"de-DE"}]}},"_links":{"self":[{"href":"https:\/\/bonpetboats.eu\/de\/wp-json\/wp\/v2\/pages\/100"}],"collection":[{"href":"https:\/\/bonpetboats.eu\/de\/wp-json\/wp\/v2\/pages"}],"about":[{"href":"https:\/\/bonpetboats.eu\/de\/wp-json\/wp\/v2\/types\/page"}],"author":[{"embeddable":true,"href":"https:\/\/bonpetboats.eu\/de\/wp-json\/wp\/v2\/users\/1"}],"replies":[{"embeddable":true,"href":"https:\/\/bonpetboats.eu\/de\/wp-json\/wp\/v2\/comments?post=100"}],"version-history":[{"count":9,"href":"https:\/\/bonpetboats.eu\/de\/wp-json\/wp\/v2\/pages\/100\/revisions"}],"predecessor-version":[{"id":1566,"href":"https:\/\/bonpetboats.eu\/de\/wp-json\/wp\/v2\/pages\/100\/revisions\/1566"}],"wp:featuredmedia":[{"embeddable":true,"href":"https:\/\/bonpetboats.eu\/de\/wp-json\/wp\/v2\/media\/26"}],"wp:attachment":[{"href":"https:\/\/bonpetboats.eu\/de\/wp-json\/wp\/v2\/media?parent=100"}],"curies":[{"name":"wp","href":"https:\/\/api.w.org\/{rel}","templated":true}]}}